{"id":6760,"date":"2024-04-04T23:39:08","date_gmt":"2024-04-04T21:39:08","guid":{"rendered":"https:\/\/anduzejazzdancecamp.com\/?page_id=6760"},"modified":"2024-05-06T16:56:08","modified_gmt":"2024-05-06T14:56:08","slug":"2024-concept","status":"publish","type":"page","link":"https:\/\/anduzejazzdancecamp.com\/en\/2024-concept\/","title":{"rendered":"[2024] Concept"},"content":{"rendered":"<div data-elementor-type=\"wp-page\" data-elementor-id=\"6760\" class=\"elementor elementor-6760\">\n\t\t\t\t\t\t<section class=\"elementor-section elementor-top-section elementor-element elementor-element-e539ed1 elementor-section-height-full elementor-section-boxed elementor-section-height-default elementor-section-items-middle\" data-id=\"e539ed1\" data-element_type=\"section\" data-settings=\"{&quot;background_background&quot;:&quot;slideshow&quot;,&quot;background_slideshow_gallery&quot;:[{&quot;id&quot;:6081,&quot;url&quot;:&quot;https:\\\/\\\/anduzejazzdancecamp.com\\\/wp-content\\\/uploads\\\/2024\\\/02\\\/Credit-photo-Theo-Tzelepoglou-2022-0395-scaled.jpg&quot;},{&quot;id&quot;:6087,&quot;url&quot;:&quot;https:\\\/\\\/anduzejazzdancecamp.com\\\/wp-content\\\/uploads\\\/2024\\\/02\\\/Stephanie-OConnor-IMG_1115-Grande.jpeg&quot;},{&quot;id&quot;:6088,&quot;url&quot;:&quot;https:\\\/\\\/anduzejazzdancecamp.com\\\/wp-content\\\/uploads\\\/2024\\\/02\\\/Stephanie-OConnor-IMG_1338-Grande-1.jpeg&quot;},{&quot;id&quot;:6086,&quot;url&quot;:&quot;https:\\\/\\\/anduzejazzdancecamp.com\\\/wp-content\\\/uploads\\\/2024\\\/02\\\/Stephanie-OConnor-IMG_0833-Grande.jpeg&quot;},{&quot;id&quot;:6080,&quot;url&quot;:&quot;https:\\\/\\\/anduzejazzdancecamp.com\\\/wp-content\\\/uploads\\\/2024\\\/02\\\/Credit-photo-Theo-Tzelepoglou-2022-9584-scaled.jpg&quot;},{&quot;id&quot;:6020,&quot;url&quot;:&quot;https:\\\/\\\/anduzejazzdancecamp.com\\\/wp-content\\\/uploads\\\/2024\\\/02\\\/Stephanie-OConnor-IMG_1309-Grande.jpeg&quot;},{&quot;id&quot;:6019,&quot;url&quot;:&quot;https:\\\/\\\/anduzejazzdancecamp.com\\\/wp-content\\\/uploads\\\/2024\\\/02\\\/Anduze722_1-scaled.jpg&quot;},{&quot;id&quot;:6082,&quot;url&quot;:&quot;https:\\\/\\\/anduzejazzdancecamp.com\\\/wp-content\\\/uploads\\\/2024\\\/02\\\/Credit-photo-Theo-Tzelepoglou-2022-0075-scaled.jpg&quot;}],&quot;background_slideshow_transition_duration&quot;:1000,&quot;background_slideshow_ken_burns&quot;:&quot;yes&quot;,&quot;background_slideshow_loop&quot;:&quot;yes&quot;,&quot;background_slideshow_slide_duration&quot;:5000,&quot;background_slideshow_slide_transition&quot;:&quot;fade&quot;,&quot;background_slideshow_ken_burns_zoom_direction&quot;:&quot;in&quot;}\">\n\t\t\t\t\t\t\t<div class=\"elementor-background-overlay\"><\/div>\n\t\t\t\t\t\t\t<div class=\"elementor-container elementor-column-gap-default\">\n\t\t\t\t\t<div class=\"elementor-column elementor-col-100 elementor-top-column elementor-element elementor-element-2959d9f\" data-id=\"2959d9f\" data-element_type=\"column\">\n\t\t\t<div class=\"elementor-widget-wrap elementor-element-populated\">\n\t\t\t\t\t\t<div class=\"elementor-element elementor-element-e0386b5 elementor-widget__width-inherit animated-slow elementor-invisible elementor-widget elementor-widget-heading\" data-id=\"e0386b5\" data-element_type=\"widget\" data-settings=\"{&quot;_animation&quot;:&quot;fadeIn&quot;,&quot;_animation_tablet&quot;:&quot;fadeIn&quot;,&quot;_animation_mobile&quot;:&quot;fadeIn&quot;,&quot;_animation_delay&quot;:200}\" data-widget_type=\"heading.default\">\n\t\t\t\t<div class=\"elementor-widget-container\">\n\t\t\t<h1 class=\"elementor-heading-title elementor-size-default\">ANDUZE JAZZ<\/h1>\t\t<\/div>\n\t\t\t\t<\/div>\n\t\t\t\t<div class=\"elementor-element elementor-element-25fe7fd elementor-widget__width-inherit animated-slow elementor-invisible elementor-widget elementor-widget-heading\" data-id=\"25fe7fd\" data-element_type=\"widget\" data-settings=\"{&quot;_animation&quot;:&quot;fadeIn&quot;,&quot;_animation_tablet&quot;:&quot;fadeIn&quot;,&quot;_animation_mobile&quot;:&quot;fadeIn&quot;,&quot;_animation_delay&quot;:200}\" data-widget_type=\"heading.default\">\n\t\t\t\t<div class=\"elementor-widget-container\">\n\t\t\t<h1 class=\"elementor-heading-title elementor-size-default\">DANCE CAMP<\/h1>\t\t<\/div>\n\t\t\t\t<\/div>\n\t\t\t\t\t<\/div>\n\t\t<\/div>\n\t\t\t\t\t<\/div>\n\t\t<\/section>\n\t\t\t\t<section class=\"elementor-section elementor-top-section elementor-element elementor-element-66913fa elementor-section-boxed elementor-section-height-default elementor-section-height-default\" data-id=\"66913fa\" data-element_type=\"section\">\n\t\t\t\t\t\t<div class=\"elementor-container elementor-column-gap-default\">\n\t\t\t\t\t<div class=\"elementor-column elementor-col-100 elementor-top-column elementor-element elementor-element-f92a482\" data-id=\"f92a482\" data-element_type=\"column\">\n\t\t\t<div class=\"elementor-widget-wrap elementor-element-populated\">\n\t\t\t\t\t\t<div class=\"elementor-element elementor-element-92594a1 elementor-widget elementor-widget-text-editor\" data-id=\"92594a1\" data-element_type=\"widget\" data-widget_type=\"text-editor.default\">\n\t\t\t\t<div class=\"elementor-widget-container\">\n\t\t\t\t\t\t\t<p class=\" translation-block\">It is in the magnificent setting of southern town of Anduze that we created <strong>Anduze Jazz Dance Camp.<\/strong><\/p><p>A space to reconnect with the tradition and values of Jazz dance and music, thanks to a lineup of artists strongly attached to black culture.<\/p><p class=\" translation-block\"><b>Anduze Jazz Dance Camp<\/b> wants to welcome all those interested in rhythm and movement linked to the Jazz tradition.<\/p>\t\t\t\t\t\t<\/div>\n\t\t\t\t<\/div>\n\t\t\t\t<div class=\"elementor-element elementor-element-1080d9c elementor-widget elementor-widget-image\" data-id=\"1080d9c\" data-element_type=\"widget\" data-widget_type=\"image.default\">\n\t\t\t\t<div class=\"elementor-widget-container\">\n\t\t\t\t\t\t\t\t\t\t\t\t\t<img fetchpriority=\"high\" decoding=\"async\" width=\"1700\" height=\"1131\" src=\"https:\/\/anduzejazzdancecamp.com\/wp-content\/uploads\/2024\/04\/Theo-Tzelepoglou-832-scaled.jpg\" class=\"attachment-full size-full wp-image-6783\" alt=\"\" srcset=\"https:\/\/anduzejazzdancecamp.com\/wp-content\/uploads\/2024\/04\/Theo-Tzelepoglou-832-scaled.jpg 1700w, https:\/\/anduzejazzdancecamp.com\/wp-content\/uploads\/2024\/04\/Theo-Tzelepoglou-832-300x200.jpg 300w, https:\/\/anduzejazzdancecamp.com\/wp-content\/uploads\/2024\/04\/Theo-Tzelepoglou-832-1024x681.jpg 1024w, https:\/\/anduzejazzdancecamp.com\/wp-content\/uploads\/2024\/04\/Theo-Tzelepoglou-832-768x511.jpg 768w, https:\/\/anduzejazzdancecamp.com\/wp-content\/uploads\/2024\/04\/Theo-Tzelepoglou-832-1536x1022.jpg 1536w, https:\/\/anduzejazzdancecamp.com\/wp-content\/uploads\/2024\/04\/Theo-Tzelepoglou-832-18x12.jpg 18w\" sizes=\"(max-width: 1700px) 100vw, 1700px\" \/>\t\t\t\t\t\t\t\t\t\t\t\t\t<\/div>\n\t\t\t\t<\/div>\n\t\t\t\t<div class=\"elementor-element elementor-element-7985b4d elementor-widget elementor-widget-text-editor\" data-id=\"7985b4d\" data-element_type=\"widget\" data-widget_type=\"text-editor.default\">\n\t\t\t\t<div class=\"elementor-widget-container\">\n\t\t\t\t\t\t\t<p class=\" translation-block\">The plurality of our lineup finds its musical counterpart in <a href=\"https:\/\/jazzoparc.com\/\" target=\"_self\">Jazzoparc<\/a> music festival, which each year welcomes us with a solid and diverse lineup.<\/p>\n<p>Music every evening, but also during the day, to move the body but also to listen, on the grass or around a bar table.<\/p>\n<p>No ballroom in Anduze: music and dance invite themselves into the city \u2014 and invite the city.<\/p>\n<p class=\" translation-block\"><b>Anduze Jazz Dance Camp does not want to be a consumption product, but an experience that we create together.<\/b> A space where exchange, human relationships and the sharing of experiences are just as precious as dance steps.<\/p>\n<p>An open mind, humility and the desire to immerse yourself in a culture and an art are essential for this experience to be a success for everyone!<\/p>\t\t\t\t\t\t<\/div>\n\t\t\t\t<\/div>\n\t\t\t\t<div class=\"elementor-element elementor-element-bf625b4 elementor-widget elementor-widget-image\" data-id=\"bf625b4\" data-element_type=\"widget\" data-widget_type=\"image.default\">\n\t\t\t\t<div class=\"elementor-widget-container\">\n\t\t\t\t\t\t\t\t\t\t\t\t\t<img decoding=\"async\" width=\"1536\" height=\"822\" src=\"https:\/\/anduzejazzdancecamp.com\/wp-content\/uploads\/2024\/04\/Credit-photo-StF-Cromaline-2022-6.jpg\" class=\"attachment-full size-full wp-image-6810\" alt=\"Credit photo StF Cromaline 2022\" srcset=\"https:\/\/anduzejazzdancecamp.com\/wp-content\/uploads\/2024\/04\/Credit-photo-StF-Cromaline-2022-6.jpg 1536w, https:\/\/anduzejazzdancecamp.com\/wp-content\/uploads\/2024\/04\/Credit-photo-StF-Cromaline-2022-6-300x161.jpg 300w, https:\/\/anduzejazzdancecamp.com\/wp-content\/uploads\/2024\/04\/Credit-photo-StF-Cromaline-2022-6-1024x548.jpg 1024w, https:\/\/anduzejazzdancecamp.com\/wp-content\/uploads\/2024\/04\/Credit-photo-StF-Cromaline-2022-6-768x411.jpg 768w, https:\/\/anduzejazzdancecamp.com\/wp-content\/uploads\/2024\/04\/Credit-photo-StF-Cromaline-2022-6-18x10.jpg 18w\" sizes=\"(max-width: 1536px) 100vw, 1536px\" \/>\t\t\t\t\t\t\t\t\t\t\t\t\t<\/div>\n\t\t\t\t<\/div>\n\t\t\t\t\t<\/div>\n\t\t<\/div>\n\t\t\t\t\t<\/div>\n\t\t<\/section>\n\t\t\t\t<section class=\"elementor-section elementor-top-section elementor-element elementor-element-54f7a8d elementor-section-boxed elementor-section-height-default elementor-section-height-default\" data-id=\"54f7a8d\" data-element_type=\"section\">\n\t\t\t\t\t\t<div class=\"elementor-container elementor-column-gap-default\">\n\t\t\t\t\t<div class=\"elementor-column elementor-col-100 elementor-top-column elementor-element elementor-element-e6a6195\" data-id=\"e6a6195\" data-element_type=\"column\">\n\t\t\t<div class=\"elementor-widget-wrap elementor-element-populated\">\n\t\t\t\t\t\t<div class=\"elementor-element elementor-element-32cd350 elementor-widget elementor-widget-menu-anchor\" data-id=\"32cd350\" data-element_type=\"widget\" data-widget_type=\"menu-anchor.default\">\n\t\t\t\t<div class=\"elementor-widget-container\">\n\t\t\t\t\t<div id=\"vision\" class=\"elementor-menu-anchor\"><\/div>\n\t\t\t\t<\/div>\n\t\t\t\t<\/div>\n\t\t\t\t<div class=\"elementor-element elementor-element-d69bac0 elementor-widget-mobile__width-auto elementor-widget__width-auto elementor-widget elementor-widget-heading\" data-id=\"d69bac0\" data-element_type=\"widget\" data-widget_type=\"heading.default\">\n\t\t\t\t<div class=\"elementor-widget-container\">\n\t\t\t<h2 class=\"elementor-heading-title elementor-size-default\">Vision<\/h2>\t\t<\/div>\n\t\t\t\t<\/div>\n\t\t\t\t<section class=\"elementor-section elementor-inner-section elementor-element elementor-element-049a553 elementor-section-boxed elementor-section-height-default elementor-section-height-default\" data-id=\"049a553\" data-element_type=\"section\">\n\t\t\t\t\t\t<div class=\"elementor-container elementor-column-gap-default\">\n\t\t\t\t\t<div class=\"elementor-column elementor-col-100 elementor-inner-column elementor-element elementor-element-3219e31\" data-id=\"3219e31\" data-element_type=\"column\" data-settings=\"{&quot;background_background&quot;:&quot;classic&quot;}\">\n\t\t\t<div class=\"elementor-widget-wrap elementor-element-populated\">\n\t\t\t\t\t<div class=\"elementor-background-overlay\"><\/div>\n\t\t\t\t\t\t<div class=\"elementor-element elementor-element-1005efe elementor-widget elementor-widget-text-editor\" data-id=\"1005efe\" data-element_type=\"widget\" data-widget_type=\"text-editor.default\">\n\t\t\t\t<div class=\"elementor-widget-container\">\n\t\t\t\t\t\t\t<p>We believe that each of the Jazz dances is a link in African American culture, a link that we should neither isolate nor freeze.<\/p><p>Practicing these dances require embracing the whole of this culture, with its complexity and its apparent contradictions.<\/p><p class=\" translation-block\">To do so, we want Anduze Jazz Dance Camp to be marked by <b>respect<\/b> and <b>responsibility:<\/b><\/p><p class=\" translation-block\"><b>Respect<\/b>\u00a0for heritage, tradition, values, people, culture, music, newcomers, elders, difference, plurality.<\/p><p class=\" translation-block\"><b>Responsibility<\/b> to ensure that the cultural process is done with this respect; the responsibility to accompany and watch over every participant; the responsibility to teach this respect by being an example.<\/p>\t\t\t\t\t\t<\/div>\n\t\t\t\t<\/div>\n\t\t\t\t\t<\/div>\n\t\t<\/div>\n\t\t\t\t\t<\/div>\n\t\t<\/section>\n\t\t\t\t<div class=\"elementor-element elementor-element-ee369a5 elementor-hidden-desktop elementor-widget elementor-widget-image\" data-id=\"ee369a5\" data-element_type=\"widget\" data-widget_type=\"image.default\">\n\t\t\t\t<div class=\"elementor-widget-container\">\n\t\t\t\t\t\t\t\t\t\t\t\t\t<img decoding=\"async\" width=\"1623\" height=\"1080\" src=\"https:\/\/anduzejazzdancecamp.com\/wp-content\/uploads\/2024\/04\/Credit-photo-Theo-Tzelepoglou-2022-9636-scaled.jpg\" class=\"attachment-full size-full wp-image-6816\" alt=\"\" srcset=\"https:\/\/anduzejazzdancecamp.com\/wp-content\/uploads\/2024\/04\/Credit-photo-Theo-Tzelepoglou-2022-9636-scaled.jpg 1623w, https:\/\/anduzejazzdancecamp.com\/wp-content\/uploads\/2024\/04\/Credit-photo-Theo-Tzelepoglou-2022-9636-300x200.jpg 300w, https:\/\/anduzejazzdancecamp.com\/wp-content\/uploads\/2024\/04\/Credit-photo-Theo-Tzelepoglou-2022-9636-1024x681.jpg 1024w, https:\/\/anduzejazzdancecamp.com\/wp-content\/uploads\/2024\/04\/Credit-photo-Theo-Tzelepoglou-2022-9636-768x511.jpg 768w, https:\/\/anduzejazzdancecamp.com\/wp-content\/uploads\/2024\/04\/Credit-photo-Theo-Tzelepoglou-2022-9636-1536x1022.jpg 1536w, https:\/\/anduzejazzdancecamp.com\/wp-content\/uploads\/2024\/04\/Credit-photo-Theo-Tzelepoglou-2022-9636-18x12.jpg 18w\" sizes=\"(max-width: 1623px) 100vw, 1623px\" \/>\t\t\t\t\t\t\t\t\t\t\t\t\t<\/div>\n\t\t\t\t<\/div>\n\t\t\t\t\t<\/div>\n\t\t<\/div>\n\t\t\t\t\t<\/div>\n\t\t<\/section>\n\t\t\t\t<\/div>","protected":false},"excerpt":{"rendered":"<p>ANDUZE JAZZ DANCE CAMP C&rsquo;est dans le magnifique cadre de la ville gardoise d\u2019Anduze que nous avons cr\u00e9\u00e9 Anduze Jazz Dance Camp. Un espace pour renouer avec la tradition et les valeurs de la danse et de la musique Jazz, gr\u00e2ce \u00e0 un lineup d\u2019artistes fortement attach\u00e9.e.s \u00e0 la culture noire. Anduze Jazz Dance Camp [&hellip;]<\/p>","protected":false},"author":2,"featured_media":0,"parent":0,"menu_order":0,"comment_status":"closed","ping_status":"closed","template":"","meta":{"footnotes":""},"class_list":["post-6760","page","type-page","status-publish","hentry"],"yoast_head":"<!-- This site is optimized with the Yoast SEO plugin v27.4 - https:\/\/yoast.com\/product\/yoast-seo-wordpress\/ -->\n<title>[2024] Concept - Anduze Jazz Dance Camp<\/title>\n<meta name=\"description\" content=\"En juillet, Anduze, la Porte des Ce\u0301vennes, ce\u0301le\u0300bre les danses et les musiques Jazz en toute beaute\u0301, au sein du festival Jazzoparc. Le Lindy Hop et le Solo Jazz rencontreront le Tap Dance\/Soft Shoes, le Body Percussion et le Jazzrock \u2014 et c\u0327a va e\u0302tre LA FOLIE !Un camp de\u0301bordant de danse, musique, nature, ape\u0301ros, rencontres, partages et expe\u0301riences uniques.\" \/>\n<meta name=\"robots\" content=\"index, follow, max-snippet:-1, max-image-preview:large, max-video-preview:-1\" \/>\n<link rel=\"canonical\" href=\"https:\/\/anduzejazzdancecamp.com\/en\/2024-concept\/\" \/>\n<meta property=\"og:locale\" content=\"en_GB\" \/>\n<meta property=\"og:type\" content=\"article\" \/>\n<meta property=\"og:title\" content=\"[2024] Concept - Anduze Jazz Dance Camp\" \/>\n<meta property=\"og:description\" content=\"En juillet, Anduze, la Porte des Ce\u0301vennes, ce\u0301le\u0300bre les danses et les musiques Jazz en toute beaute\u0301, au sein du festival Jazzoparc. Le Lindy Hop et le Solo Jazz rencontreront le Tap Dance\/Soft Shoes, le Body Percussion et le Jazzrock \u2014 et c\u0327a va e\u0302tre LA FOLIE !Un camp de\u0301bordant de danse, musique, nature, ape\u0301ros, rencontres, partages et expe\u0301riences uniques.\" \/>\n<meta property=\"og:url\" content=\"https:\/\/anduzejazzdancecamp.com\/en\/2024-concept\/\" \/>\n<meta property=\"og:site_name\" content=\"Anduze Jazz Dance Camp\" \/>\n<meta property=\"article:publisher\" content=\"https:\/\/www.facebook.com\/AnduzeJazzDanceCamp\/\" \/>\n<meta property=\"article:modified_time\" content=\"2024-05-06T14:56:08+00:00\" \/>\n<meta property=\"og:image\" content=\"https:\/\/anduzejazzdancecamp.com\/wp-content\/uploads\/2024\/04\/Theo-Tzelepoglou-832-scaled.jpg\" \/>\n<meta name=\"twitter:card\" content=\"summary_large_image\" \/>\n<meta name=\"twitter:label1\" content=\"Estimated reading time\" \/>\n\t<meta name=\"twitter:data1\" content=\"3 minutes\" \/>\n<script type=\"application\/ld+json\" class=\"yoast-schema-graph\">{\"@context\":\"https:\\\/\\\/schema.org\",\"@graph\":[{\"@type\":\"WebPage\",\"@id\":\"https:\\\/\\\/anduzejazzdancecamp.com\\\/2024-concept\\\/\",\"url\":\"https:\\\/\\\/anduzejazzdancecamp.com\\\/2024-concept\\\/\",\"name\":\"[2024] Concept - Anduze Jazz Dance Camp\",\"isPartOf\":{\"@id\":\"https:\\\/\\\/anduzejazzdancecamp.com\\\/#website\"},\"primaryImageOfPage\":{\"@id\":\"https:\\\/\\\/anduzejazzdancecamp.com\\\/2024-concept\\\/#primaryimage\"},\"image\":{\"@id\":\"https:\\\/\\\/anduzejazzdancecamp.com\\\/2024-concept\\\/#primaryimage\"},\"thumbnailUrl\":\"https:\\\/\\\/anduzejazzdancecamp.com\\\/wp-content\\\/uploads\\\/2024\\\/04\\\/Theo-Tzelepoglou-832-scaled.jpg\",\"datePublished\":\"2024-04-04T21:39:08+00:00\",\"dateModified\":\"2024-05-06T14:56:08+00:00\",\"description\":\"En juillet, Anduze, la Porte des Ce\u0301vennes, ce\u0301le\u0300bre les danses et les musiques Jazz en toute beaute\u0301, au sein du festival Jazzoparc. Le Lindy Hop et le Solo Jazz rencontreront le Tap Dance\\\/Soft Shoes, le Body Percussion et le Jazzrock \u2014 et c\u0327a va e\u0302tre LA FOLIE !Un camp de\u0301bordant de danse, musique, nature, ape\u0301ros, rencontres, partages et expe\u0301riences uniques.\",\"breadcrumb\":{\"@id\":\"https:\\\/\\\/anduzejazzdancecamp.com\\\/2024-concept\\\/#breadcrumb\"},\"inLanguage\":\"en-GB\",\"potentialAction\":[{\"@type\":\"ReadAction\",\"target\":[\"https:\\\/\\\/anduzejazzdancecamp.com\\\/2024-concept\\\/\"]}]},{\"@type\":\"ImageObject\",\"inLanguage\":\"en-GB\",\"@id\":\"https:\\\/\\\/anduzejazzdancecamp.com\\\/2024-concept\\\/#primaryimage\",\"url\":\"https:\\\/\\\/anduzejazzdancecamp.com\\\/wp-content\\\/uploads\\\/2024\\\/04\\\/Theo-Tzelepoglou-832-scaled.jpg\",\"contentUrl\":\"https:\\\/\\\/anduzejazzdancecamp.com\\\/wp-content\\\/uploads\\\/2024\\\/04\\\/Theo-Tzelepoglou-832-scaled.jpg\"},{\"@type\":\"BreadcrumbList\",\"@id\":\"https:\\\/\\\/anduzejazzdancecamp.com\\\/2024-concept\\\/#breadcrumb\",\"itemListElement\":[{\"@type\":\"ListItem\",\"position\":1,\"name\":\"Accueil\",\"item\":\"https:\\\/\\\/anduzejazzdancecamp.com\\\/\"},{\"@type\":\"ListItem\",\"position\":2,\"name\":\"[2024] Concept\"}]},{\"@type\":\"WebSite\",\"@id\":\"https:\\\/\\\/anduzejazzdancecamp.com\\\/#website\",\"url\":\"https:\\\/\\\/anduzejazzdancecamp.com\\\/\",\"name\":\"Anduze Jazz Dance Camp\",\"description\":\"Anduze Jazz Dance Camp\",\"publisher\":{\"@id\":\"https:\\\/\\\/anduzejazzdancecamp.com\\\/#organization\"},\"potentialAction\":[{\"@type\":\"SearchAction\",\"target\":{\"@type\":\"EntryPoint\",\"urlTemplate\":\"https:\\\/\\\/anduzejazzdancecamp.com\\\/?s={search_term_string}\"},\"query-input\":{\"@type\":\"PropertyValueSpecification\",\"valueRequired\":true,\"valueName\":\"search_term_string\"}}],\"inLanguage\":\"en-GB\"},{\"@type\":\"Organization\",\"@id\":\"https:\\\/\\\/anduzejazzdancecamp.com\\\/#organization\",\"name\":\"Anduze Jazz Dance Camp\",\"url\":\"https:\\\/\\\/anduzejazzdancecamp.com\\\/\",\"logo\":{\"@type\":\"ImageObject\",\"inLanguage\":\"en-GB\",\"@id\":\"https:\\\/\\\/anduzejazzdancecamp.com\\\/#\\\/schema\\\/logo\\\/image\\\/\",\"url\":\"https:\\\/\\\/anduzejazzdancecamp.com\\\/wp-content\\\/uploads\\\/2022\\\/03\\\/logo_website.png\",\"contentUrl\":\"https:\\\/\\\/anduzejazzdancecamp.com\\\/wp-content\\\/uploads\\\/2022\\\/03\\\/logo_website.png\",\"width\":1024,\"height\":1024,\"caption\":\"Anduze Jazz Dance Camp\"},\"image\":{\"@id\":\"https:\\\/\\\/anduzejazzdancecamp.com\\\/#\\\/schema\\\/logo\\\/image\\\/\"},\"sameAs\":[\"https:\\\/\\\/www.facebook.com\\\/AnduzeJazzDanceCamp\\\/\",\"https:\\\/\\\/www.instagram.com\\\/anduze_jazz\\\/\"]}]}<\/script>\n<!-- \/ Yoast SEO plugin. -->","yoast_head_json":{"title":"[2024] Concept - Anduze Jazz Dance Camp","description":"En juillet, Anduze, la Porte des Ce\u0301vennes, ce\u0301le\u0300bre les danses et les musiques Jazz en toute beaute\u0301, au sein du festival Jazzoparc. Le Lindy Hop et le Solo Jazz rencontreront le Tap Dance\/Soft Shoes, le Body Percussion et le Jazzrock \u2014 et c\u0327a va e\u0302tre LA FOLIE !Un camp de\u0301bordant de danse, musique, nature, ape\u0301ros, rencontres, partages et expe\u0301riences uniques.","robots":{"index":"index","follow":"follow","max-snippet":"max-snippet:-1","max-image-preview":"max-image-preview:large","max-video-preview":"max-video-preview:-1"},"canonical":"https:\/\/anduzejazzdancecamp.com\/en\/2024-concept\/","og_locale":"en_GB","og_type":"article","og_title":"[2024] Concept - Anduze Jazz Dance Camp","og_description":"En juillet, Anduze, la Porte des Ce\u0301vennes, ce\u0301le\u0300bre les danses et les musiques Jazz en toute beaute\u0301, au sein du festival Jazzoparc. Le Lindy Hop et le Solo Jazz rencontreront le Tap Dance\/Soft Shoes, le Body Percussion et le Jazzrock \u2014 et c\u0327a va e\u0302tre LA FOLIE !Un camp de\u0301bordant de danse, musique, nature, ape\u0301ros, rencontres, partages et expe\u0301riences uniques.","og_url":"https:\/\/anduzejazzdancecamp.com\/en\/2024-concept\/","og_site_name":"Anduze Jazz Dance Camp","article_publisher":"https:\/\/www.facebook.com\/AnduzeJazzDanceCamp\/","article_modified_time":"2024-05-06T14:56:08+00:00","og_image":[{"url":"https:\/\/anduzejazzdancecamp.com\/wp-content\/uploads\/2024\/04\/Theo-Tzelepoglou-832-scaled.jpg","type":"","width":"","height":""}],"twitter_card":"summary_large_image","twitter_misc":{"Estimated reading time":"3 minutes"},"schema":{"@context":"https:\/\/schema.org","@graph":[{"@type":"WebPage","@id":"https:\/\/anduzejazzdancecamp.com\/2024-concept\/","url":"https:\/\/anduzejazzdancecamp.com\/2024-concept\/","name":"[2024] Concept - Anduze Jazz Dance Camp","isPartOf":{"@id":"https:\/\/anduzejazzdancecamp.com\/#website"},"primaryImageOfPage":{"@id":"https:\/\/anduzejazzdancecamp.com\/2024-concept\/#primaryimage"},"image":{"@id":"https:\/\/anduzejazzdancecamp.com\/2024-concept\/#primaryimage"},"thumbnailUrl":"https:\/\/anduzejazzdancecamp.com\/wp-content\/uploads\/2024\/04\/Theo-Tzelepoglou-832-scaled.jpg","datePublished":"2024-04-04T21:39:08+00:00","dateModified":"2024-05-06T14:56:08+00:00","description":"En juillet, Anduze, la Porte des Ce\u0301vennes, ce\u0301le\u0300bre les danses et les musiques Jazz en toute beaute\u0301, au sein du festival Jazzoparc. Le Lindy Hop et le Solo Jazz rencontreront le Tap Dance\/Soft Shoes, le Body Percussion et le Jazzrock \u2014 et c\u0327a va e\u0302tre LA FOLIE !Un camp de\u0301bordant de danse, musique, nature, ape\u0301ros, rencontres, partages et expe\u0301riences uniques.","breadcrumb":{"@id":"https:\/\/anduzejazzdancecamp.com\/2024-concept\/#breadcrumb"},"inLanguage":"en-GB","potentialAction":[{"@type":"ReadAction","target":["https:\/\/anduzejazzdancecamp.com\/2024-concept\/"]}]},{"@type":"ImageObject","inLanguage":"en-GB","@id":"https:\/\/anduzejazzdancecamp.com\/2024-concept\/#primaryimage","url":"https:\/\/anduzejazzdancecamp.com\/wp-content\/uploads\/2024\/04\/Theo-Tzelepoglou-832-scaled.jpg","contentUrl":"https:\/\/anduzejazzdancecamp.com\/wp-content\/uploads\/2024\/04\/Theo-Tzelepoglou-832-scaled.jpg"},{"@type":"BreadcrumbList","@id":"https:\/\/anduzejazzdancecamp.com\/2024-concept\/#breadcrumb","itemListElement":[{"@type":"ListItem","position":1,"name":"Accueil","item":"https:\/\/anduzejazzdancecamp.com\/"},{"@type":"ListItem","position":2,"name":"[2024] Concept"}]},{"@type":"WebSite","@id":"https:\/\/anduzejazzdancecamp.com\/#website","url":"https:\/\/anduzejazzdancecamp.com\/","name":"Anduze Jazz Dance Camp","description":"Anduze Jazz Dance Camp","publisher":{"@id":"https:\/\/anduzejazzdancecamp.com\/#organization"},"potentialAction":[{"@type":"SearchAction","target":{"@type":"EntryPoint","urlTemplate":"https:\/\/anduzejazzdancecamp.com\/?s={search_term_string}"},"query-input":{"@type":"PropertyValueSpecification","valueRequired":true,"valueName":"search_term_string"}}],"inLanguage":"en-GB"},{"@type":"Organization","@id":"https:\/\/anduzejazzdancecamp.com\/#organization","name":"Anduze Jazz Dance Camp","url":"https:\/\/anduzejazzdancecamp.com\/","logo":{"@type":"ImageObject","inLanguage":"en-GB","@id":"https:\/\/anduzejazzdancecamp.com\/#\/schema\/logo\/image\/","url":"https:\/\/anduzejazzdancecamp.com\/wp-content\/uploads\/2022\/03\/logo_website.png","contentUrl":"https:\/\/anduzejazzdancecamp.com\/wp-content\/uploads\/2022\/03\/logo_website.png","width":1024,"height":1024,"caption":"Anduze Jazz Dance Camp"},"image":{"@id":"https:\/\/anduzejazzdancecamp.com\/#\/schema\/logo\/image\/"},"sameAs":["https:\/\/www.facebook.com\/AnduzeJazzDanceCamp\/","https:\/\/www.instagram.com\/anduze_jazz\/"]}]}},"_links":{"self":[{"href":"https:\/\/anduzejazzdancecamp.com\/en\/wp-json\/wp\/v2\/pages\/6760","targetHints":{"allow":["GET"]}}],"collection":[{"href":"https:\/\/anduzejazzdancecamp.com\/en\/wp-json\/wp\/v2\/pages"}],"about":[{"href":"https:\/\/anduzejazzdancecamp.com\/en\/wp-json\/wp\/v2\/types\/page"}],"author":[{"embeddable":true,"href":"https:\/\/anduzejazzdancecamp.com\/en\/wp-json\/wp\/v2\/users\/2"}],"replies":[{"embeddable":true,"href":"https:\/\/anduzejazzdancecamp.com\/en\/wp-json\/wp\/v2\/comments?post=6760"}],"version-history":[{"count":181,"href":"https:\/\/anduzejazzdancecamp.com\/en\/wp-json\/wp\/v2\/pages\/6760\/revisions"}],"predecessor-version":[{"id":8526,"href":"https:\/\/anduzejazzdancecamp.com\/en\/wp-json\/wp\/v2\/pages\/6760\/revisions\/8526"}],"wp:attachment":[{"href":"https:\/\/anduzejazzdancecamp.com\/en\/wp-json\/wp\/v2\/media?parent=6760"}],"curies":[{"name":"wp","href":"https:\/\/api.w.org\/{rel}","templated":true}]}}